{"id":447,"date":"2020-02-21T18:55:05","date_gmt":"2020-02-21T17:55:05","guid":{"rendered":"http:\/\/neu.leafling.at\/?post_type=product&#038;p=447"},"modified":"2026-02-06T18:38:23","modified_gmt":"2026-02-06T17:38:23","slug":"palm-jebel-island","status":"publish","type":"product","link":"https:\/\/www.leafling.at\/en\/p\/palm-jebel-island\/","title":{"rendered":"Palm Jebel Island &#8211; Dubai"},"content":{"rendered":"<p class=\"translation-block\">All raw materials of the LEAFLING are sourced and processed in the EU. All the natural fibres come from France and are shaped in northern Germany. \u2028The seeds come from Austria, which is where production also takes place - in the middle of Vienna in fact. This ensures short transport routes and sustainability. \u2028The packaging is mostly made of paper\/cardboard. The viewing panel is made of recycled plastic. \u2028\n<br>\nYour LEAFLING is of course <strong>perfectly environmentally friendly<\/strong> and <strong>fully compostable.<\/strong><\/p>\n<p><a href=\"https:\/\/www.leafling.at\/en\/kontakt\/\">&gt; request your individual motive<\/a><\/p>\n<p>&nbsp;<\/p>","protected":false},"excerpt":{"rendered":"<p>Palm Jebel Island made from plant seeds applied to eco-friendly natural fibre pads.<\/p>\n<ul>\n<li>LEAFLING pad 170 x 170 mm<\/li>\n<li>watering aid<\/li>\n<li>packaging with instructions<\/li>\n<\/ul>","protected":false},"featured_media":448,"template":"","meta":{"_monsterinsights_skip_tracking":false,"_monsterinsights_sitenote_active":false,"_monsterinsights_sitenote_note":"","_monsterinsights_sitenote_category":0},"product_brand":[],"product_cat":[24,23],"product_tag":[],"class_list":{"0":"post-447","1":"product","2":"type-product","3":"status-publish","4":"has-post-thumbnail","6":"product_cat-city-icons","7":"product_cat-logos","9":"first","10":"instock","11":"taxable","12":"shipping-taxable","13":"purchasable","14":"product-type-simple"},"yoast_head":"<!-- This site is optimized with the Yoast SEO plugin v26.9 - https:\/\/yoast.com\/product\/yoast-seo-wordpress\/ -->\n<title>Palm Jebel Island - Dubai - gie\u00dfen und wachsen lassen - LEAFLING growing form<\/title>\n<meta name=\"description\" content=\"LEAFLINGE bestehen aus Pflanzensamen die auf \u00f6kologischen Naturfaser Pads aufgebracht sind. LEAFLING gie\u00dfen und wachsen lassen macht Freude.\" \/>\n<meta name=\"robots\" content=\"index, follow, max-snippet:-1, max-image-preview:large, max-video-preview:-1\" \/>\n<link rel=\"canonical\" href=\"https:\/\/www.leafling.at\/en\/p\/palm-jebel-island\/\" \/>\n<meta property=\"og:locale\" content=\"en_US\" \/>\n<meta property=\"og:type\" content=\"article\" \/>\n<meta property=\"og:title\" content=\"Palm Jebel Island - Dubai - gie\u00dfen und wachsen lassen - LEAFLING growing form\" \/>\n<meta property=\"og:description\" content=\"LEAFLINGE bestehen aus Pflanzensamen die auf \u00f6kologischen Naturfaser Pads aufgebracht sind. LEAFLING gie\u00dfen und wachsen lassen macht Freude.\" \/>\n<meta property=\"og:url\" content=\"https:\/\/www.leafling.at\/en\/p\/palm-jebel-island\/\" \/>\n<meta property=\"og:site_name\" content=\"LEAFLING growing form\" \/>\n<meta property=\"article:publisher\" content=\"https:\/\/www.facebook.com\/Leafling-651689394858653\/\" \/>\n<meta property=\"article:modified_time\" content=\"2026-02-06T17:38:23+00:00\" \/>\n<meta property=\"og:image\" content=\"https:\/\/www.leafling.at\/wp-content\/uploads\/2020\/02\/Palm-Jebel-Island_seed-form-to-grow.jpg\" \/>\n\t<meta property=\"og:image:width\" content=\"800\" \/>\n\t<meta property=\"og:image:height\" content=\"800\" \/>\n\t<meta property=\"og:image:type\" content=\"image\/jpeg\" \/>\n<meta name=\"twitter:card\" content=\"summary_large_image\" \/>\n<script type=\"application\/ld+json\" class=\"yoast-schema-graph\">{\"@context\":\"https:\/\/schema.org\",\"@graph\":[{\"@type\":\"WebPage\",\"@id\":\"https:\/\/www.leafling.at\/p\/palm-jebel-island\/\",\"url\":\"https:\/\/www.leafling.at\/p\/palm-jebel-island\/\",\"name\":\"Palm Jebel Island - Dubai - gie\u00dfen und wachsen lassen - LEAFLING growing form\",\"isPartOf\":{\"@id\":\"https:\/\/www.leafling.at\/#website\"},\"primaryImageOfPage\":{\"@id\":\"https:\/\/www.leafling.at\/p\/palm-jebel-island\/#primaryimage\"},\"image\":{\"@id\":\"https:\/\/www.leafling.at\/p\/palm-jebel-island\/#primaryimage\"},\"thumbnailUrl\":\"https:\/\/www.leafling.at\/wp-content\/uploads\/2020\/02\/Palm-Jebel-Island_seed-form-to-grow.jpg\",\"datePublished\":\"2020-02-21T17:55:05+00:00\",\"dateModified\":\"2026-02-06T17:38:23+00:00\",\"description\":\"LEAFLINGE bestehen aus Pflanzensamen die auf \u00f6kologischen Naturfaser Pads aufgebracht sind. LEAFLING gie\u00dfen und wachsen lassen macht Freude.\",\"breadcrumb\":{\"@id\":\"https:\/\/www.leafling.at\/p\/palm-jebel-island\/#breadcrumb\"},\"inLanguage\":\"en-US\",\"potentialAction\":[{\"@type\":\"ReadAction\",\"target\":[\"https:\/\/www.leafling.at\/p\/palm-jebel-island\/\"]}]},{\"@type\":\"ImageObject\",\"inLanguage\":\"en-US\",\"@id\":\"https:\/\/www.leafling.at\/p\/palm-jebel-island\/#primaryimage\",\"url\":\"https:\/\/www.leafling.at\/wp-content\/uploads\/2020\/02\/Palm-Jebel-Island_seed-form-to-grow.jpg\",\"contentUrl\":\"https:\/\/www.leafling.at\/wp-content\/uploads\/2020\/02\/Palm-Jebel-Island_seed-form-to-grow.jpg\",\"width\":800,\"height\":800,\"caption\":\"Icon of Palm Jebel island made with seeds to water and grow\"},{\"@type\":\"BreadcrumbList\",\"@id\":\"https:\/\/www.leafling.at\/p\/palm-jebel-island\/#breadcrumb\",\"itemListElement\":[{\"@type\":\"ListItem\",\"position\":1,\"name\":\"Startseite\",\"item\":\"https:\/\/www.leafling.at\/\"},{\"@type\":\"ListItem\",\"position\":2,\"name\":\"Shop\",\"item\":\"https:\/\/www.leafling.at\/en\/shop\/\"},{\"@type\":\"ListItem\",\"position\":3,\"name\":\"Palm Jebel Island &#8211; Dubai\"}]},{\"@type\":\"WebSite\",\"@id\":\"https:\/\/www.leafling.at\/#website\",\"url\":\"https:\/\/www.leafling.at\/\",\"name\":\"LEAFLING growing form\",\"description\":\"\",\"publisher\":{\"@id\":\"https:\/\/www.leafling.at\/#organization\"},\"potentialAction\":[{\"@type\":\"SearchAction\",\"target\":{\"@type\":\"EntryPoint\",\"urlTemplate\":\"https:\/\/www.leafling.at\/?s={search_term_string}\"},\"query-input\":{\"@type\":\"PropertyValueSpecification\",\"valueRequired\":true,\"valueName\":\"search_term_string\"}}],\"inLanguage\":\"en-US\"},{\"@type\":\"Organization\",\"@id\":\"https:\/\/www.leafling.at\/#organization\",\"name\":\"LEAFLING \u2013 growing form\",\"url\":\"https:\/\/www.leafling.at\/\",\"logo\":{\"@type\":\"ImageObject\",\"inLanguage\":\"en-US\",\"@id\":\"https:\/\/www.leafling.at\/#\/schema\/logo\/image\/\",\"url\":\"https:\/\/www.leafling.at\/wp-content\/uploads\/2020\/02\/e-mail-HEADER_4.png\",\"contentUrl\":\"https:\/\/www.leafling.at\/wp-content\/uploads\/2020\/02\/e-mail-HEADER_4.png\",\"width\":600,\"height\":99,\"caption\":\"LEAFLING \u2013 growing form\"},\"image\":{\"@id\":\"https:\/\/www.leafling.at\/#\/schema\/logo\/image\/\"},\"sameAs\":[\"https:\/\/www.facebook.com\/Leafling-651689394858653\/\",\"https:\/\/www.instagram.com\/leaflinggrowingform\/\",\"https:\/\/www.pinterest.de\/growingform\/\",\"https:\/\/www.youtube.com\/channel\/UCY0B7Qhjtl_o6TtLxyPSqjw\"]}]}<\/script>\n<!-- \/ Yoast SEO plugin. -->","yoast_head_json":{"title":"Palm Jebel Island - Dubai - gie\u00dfen und wachsen lassen - LEAFLING growing form","description":"LEAFLINGE bestehen aus Pflanzensamen die auf \u00f6kologischen Naturfaser Pads aufgebracht sind. LEAFLING gie\u00dfen und wachsen lassen macht Freude.","robots":{"index":"index","follow":"follow","max-snippet":"max-snippet:-1","max-image-preview":"max-image-preview:large","max-video-preview":"max-video-preview:-1"},"canonical":"https:\/\/www.leafling.at\/en\/p\/palm-jebel-island\/","og_locale":"en_US","og_type":"article","og_title":"Palm Jebel Island - Dubai - gie\u00dfen und wachsen lassen - LEAFLING growing form","og_description":"LEAFLINGE bestehen aus Pflanzensamen die auf \u00f6kologischen Naturfaser Pads aufgebracht sind. LEAFLING gie\u00dfen und wachsen lassen macht Freude.","og_url":"https:\/\/www.leafling.at\/en\/p\/palm-jebel-island\/","og_site_name":"LEAFLING growing form","article_publisher":"https:\/\/www.facebook.com\/Leafling-651689394858653\/","article_modified_time":"2026-02-06T17:38:23+00:00","og_image":[{"width":800,"height":800,"url":"https:\/\/www.leafling.at\/wp-content\/uploads\/2020\/02\/Palm-Jebel-Island_seed-form-to-grow.jpg","type":"image\/jpeg"}],"twitter_card":"summary_large_image","schema":{"@context":"https:\/\/schema.org","@graph":[{"@type":"WebPage","@id":"https:\/\/www.leafling.at\/p\/palm-jebel-island\/","url":"https:\/\/www.leafling.at\/p\/palm-jebel-island\/","name":"Palm Jebel Island - Dubai - gie\u00dfen und wachsen lassen - LEAFLING growing form","isPartOf":{"@id":"https:\/\/www.leafling.at\/#website"},"primaryImageOfPage":{"@id":"https:\/\/www.leafling.at\/p\/palm-jebel-island\/#primaryimage"},"image":{"@id":"https:\/\/www.leafling.at\/p\/palm-jebel-island\/#primaryimage"},"thumbnailUrl":"https:\/\/www.leafling.at\/wp-content\/uploads\/2020\/02\/Palm-Jebel-Island_seed-form-to-grow.jpg","datePublished":"2020-02-21T17:55:05+00:00","dateModified":"2026-02-06T17:38:23+00:00","description":"LEAFLINGE bestehen aus Pflanzensamen die auf \u00f6kologischen Naturfaser Pads aufgebracht sind. LEAFLING gie\u00dfen und wachsen lassen macht Freude.","breadcrumb":{"@id":"https:\/\/www.leafling.at\/p\/palm-jebel-island\/#breadcrumb"},"inLanguage":"en-US","potentialAction":[{"@type":"ReadAction","target":["https:\/\/www.leafling.at\/p\/palm-jebel-island\/"]}]},{"@type":"ImageObject","inLanguage":"en-US","@id":"https:\/\/www.leafling.at\/p\/palm-jebel-island\/#primaryimage","url":"https:\/\/www.leafling.at\/wp-content\/uploads\/2020\/02\/Palm-Jebel-Island_seed-form-to-grow.jpg","contentUrl":"https:\/\/www.leafling.at\/wp-content\/uploads\/2020\/02\/Palm-Jebel-Island_seed-form-to-grow.jpg","width":800,"height":800,"caption":"Icon of Palm Jebel island made with seeds to water and grow"},{"@type":"BreadcrumbList","@id":"https:\/\/www.leafling.at\/p\/palm-jebel-island\/#breadcrumb","itemListElement":[{"@type":"ListItem","position":1,"name":"Startseite","item":"https:\/\/www.leafling.at\/"},{"@type":"ListItem","position":2,"name":"Shop","item":"https:\/\/www.leafling.at\/en\/shop\/"},{"@type":"ListItem","position":3,"name":"Palm Jebel Island &#8211; Dubai"}]},{"@type":"WebSite","@id":"https:\/\/www.leafling.at\/#website","url":"https:\/\/www.leafling.at\/","name":"LEAFLING growing form","description":"","publisher":{"@id":"https:\/\/www.leafling.at\/#organization"},"potentialAction":[{"@type":"SearchAction","target":{"@type":"EntryPoint","urlTemplate":"https:\/\/www.leafling.at\/?s={search_term_string}"},"query-input":{"@type":"PropertyValueSpecification","valueRequired":true,"valueName":"search_term_string"}}],"inLanguage":"en-US"},{"@type":"Organization","@id":"https:\/\/www.leafling.at\/#organization","name":"LEAFLING \u2013 growing form","url":"https:\/\/www.leafling.at\/","logo":{"@type":"ImageObject","inLanguage":"en-US","@id":"https:\/\/www.leafling.at\/#\/schema\/logo\/image\/","url":"https:\/\/www.leafling.at\/wp-content\/uploads\/2020\/02\/e-mail-HEADER_4.png","contentUrl":"https:\/\/www.leafling.at\/wp-content\/uploads\/2020\/02\/e-mail-HEADER_4.png","width":600,"height":99,"caption":"LEAFLING \u2013 growing form"},"image":{"@id":"https:\/\/www.leafling.at\/#\/schema\/logo\/image\/"},"sameAs":["https:\/\/www.facebook.com\/Leafling-651689394858653\/","https:\/\/www.instagram.com\/leaflinggrowingform\/","https:\/\/www.pinterest.de\/growingform\/","https:\/\/www.youtube.com\/channel\/UCY0B7Qhjtl_o6TtLxyPSqjw"]}]}},"_links":{"self":[{"href":"https:\/\/www.leafling.at\/en\/wp-json\/wp\/v2\/product\/447","targetHints":{"allow":["GET"]}}],"collection":[{"href":"https:\/\/www.leafling.at\/en\/wp-json\/wp\/v2\/product"}],"about":[{"href":"https:\/\/www.leafling.at\/en\/wp-json\/wp\/v2\/types\/product"}],"wp:featuredmedia":[{"embeddable":true,"href":"https:\/\/www.leafling.at\/en\/wp-json\/wp\/v2\/media\/448"}],"wp:attachment":[{"href":"https:\/\/www.leafling.at\/en\/wp-json\/wp\/v2\/media?parent=447"}],"wp:term":[{"taxonomy":"product_brand","embeddable":true,"href":"https:\/\/www.leafling.at\/en\/wp-json\/wp\/v2\/product_brand?post=447"},{"taxonomy":"product_cat","embeddable":true,"href":"https:\/\/www.leafling.at\/en\/wp-json\/wp\/v2\/product_cat?post=447"},{"taxonomy":"product_tag","embeddable":true,"href":"https:\/\/www.leafling.at\/en\/wp-json\/wp\/v2\/product_tag?post=447"}],"curies":[{"name":"wp","href":"https:\/\/api.w.org\/{rel}","templated":true}]}}