{"id":277,"date":"2019-11-27T17:17:13","date_gmt":"2019-11-27T16:17:13","guid":{"rendered":"http:\/\/neu.leafling.at\/widerrufsbelehrung\/"},"modified":"2020-03-04T15:00:03","modified_gmt":"2020-03-04T14:00:03","slug":"widerrufsbelehrung","status":"publish","type":"page","link":"https:\/\/www.leafling.at\/en\/widerrufsbelehrung\/","title":{"rendered":"Right of withdrawal"},"content":{"rendered":"<div style=\"height:50px\" aria-hidden=\"true\" class=\"wp-block-spacer\"><\/div>\n\n\n\n<h1 class=\"nm-block-heading wp-block-heading\">Widerrufsrecht f\u00fcr Endkunden<\/h1>\n\n\n\n<p><strong><\/strong><strong>Widerrufsrecht:<\/strong><\/p>\n\n\n\n<p>Sie haben das Recht, binnen vierzehn Tagen ohne Angabe von Gr\u00fcnden diesen Vertrag zu widerrufen. Die Widerrufsfrist betr\u00e4gt vierzehn Tage ab dem Tag, an dem Sie oder ein von Ihnen benannter Dritter, der nicht der Bef\u00f6rderer ist, die letzte Ware oder die letzte Teilsendung oder das letzte St\u00fcck in Besitz genommen haben bzw. hat.<br><br>Um Ihr Widerrufsrecht auszu\u00fcben, m\u00fcssen Sie uns:<br><br>LEAFLING &#8211; growing form<br>Julian Hagen <br>Franzensgasse 21\/7<br>1050 Vienna <br>info@leafling.at<br>+43 699 105 796 90<br><br>mittels einer eindeutigen Erkl\u00e4rung (z. B. ein mit der Post versandter Brief oder E-Mail) \u00fcber Ihren Entschluss, diesen Vertrag zu widerrufen, informieren. <br>Machen Sie von dieser M\u00f6glichkeit Gebrauch, so werden wir Ihnen unverz\u00fcglich per E-Mail eine Best\u00e4tigung \u00fcber den Eingang Ihres Widerrufs \u00fcbermitteln.<br>Zur Wahrung der Widerrufsfrist reicht es aus, dass Sie die Mitteilung \u00fcber die Aus\u00fcbung des Widerrufsrechts vor Ablauf der Widerrufsfrist absenden.<br><br><strong>Folgen des Widerrufs<\/strong><\/p>\n\n\n\n<p>Wenn Sie diesen Vertrag widerrufen, haben wir Ihnen alle Zahlungen, die wir von Ihnen erhalten haben, einschlie\u00dflich der Lieferkosten (mit Ausnahme der zus\u00e4tzlichen Kosten, die sich daraus ergeben, dass Sie eine andere Art der Lieferung als die von uns angebotene, g\u00fcnstigste Standardlieferung gew\u00e4hlt haben), unverz\u00fcglich und sp\u00e4testens binnen vierzehn Tagen ab dem Tag zur\u00fcckzuzahlen, an dem die Mitteilung \u00fcber Ihren Widerruf dieses Vertrags bei uns eingegangen ist. F\u00fcr diese R\u00fcckzahlung verwenden wir dasselbe Zahlungsmittel, das Sie bei der urspr\u00fcnglichen Transaktion eingesetzt haben, es sei denn, mit Ihnen wurde ausdr\u00fccklich etwas anderes vereinbart; in keinem Fall werden Ihnen wegen dieser R\u00fcckzahlung Entgelte berechnet.<br><br>Wir k\u00f6nnen die R\u00fcckzahlung verweigern, bis wir die Waren wieder zur\u00fcckerhalten haben oder bis Sie den Nachweis erbracht haben, dass Sie die Waren zur\u00fcckgesandt haben, je nachdem, welches der fr\u00fchere Zeitpunkt ist.<br>Sie haben die Waren unverz\u00fcglich und in jedem Fall sp\u00e4testens binnen vierzehn Tagen ab dem Tag, an dem Sie uns \u00fcber den Widerruf dieses Vertrags unterrichten, an uns zur\u00fcckzusenden oder zu \u00fcbergeben. Die Frist ist gewahrt, wenn Sie die Waren vor Ablauf der Frist von vierzehn Tagen absenden.<br>Wir tragen die unmittelbaren Kosten der R\u00fccksendung der Waren.<br>Wenn die Waren aufgrund ihrer Beschaffenheit nicht normal mit der Post zur\u00fcckgesandt werden k\u00f6nnen, werden wir in Abstimmung mit Ihnen eine Spedition mit der Abholung auf unsere Kosten beauftragen bzw. die Ware auf unsere Kosten selbst abholen.<br>Sie m\u00fcssen f\u00fcr einen etwaigen Wertverlust der Waren nur aufkommen, wenn dieser Wertverlust auf einen zur Pr\u00fcfung der Beschaffenheit, Eigenschaften und Funktionsweise der Waren nicht notwendigen Umgang mit ihnen zur\u00fcckzuf\u00fchren ist.<\/p>\n\n\n\n<p>Ende der Widerrufsbelehrung.<\/p>\n\n\n\n<div style=\"height:100px\" aria-hidden=\"true\" class=\"wp-block-spacer\"><\/div>","protected":false},"excerpt":{"rendered":"<p>Widerrufsrecht f\u00fcr Endkunden Widerrufsrecht: Sie haben das Recht, binnen vierzehn Tagen ohne Angabe von Gr\u00fcnden diesen Vertrag zu widerrufen. Die Widerrufsfrist betr\u00e4gt vierzehn Tage ab dem Tag, an dem Sie oder ein von Ihnen benannter Dritter, der nicht der Bef\u00f6rderer ist, die letzte Ware oder die letzte Teilsendung oder das letzte St\u00fcck in Besitz genommen &hellip;<\/p>","protected":false},"author":1,"featured_media":0,"parent":0,"menu_order":0,"comment_status":"closed","ping_status":"closed","template":"","meta":{"_monsterinsights_skip_tracking":false,"_monsterinsights_sitenote_active":false,"_monsterinsights_sitenote_note":"","_monsterinsights_sitenote_category":0,"footnotes":""},"class_list":["post-277","page","type-page","status-publish","hentry"],"yoast_head":"<!-- This site is optimized with the Yoast SEO plugin v26.9 - https:\/\/yoast.com\/product\/yoast-seo-wordpress\/ -->\n<title>Widerrufsbelehrung - LEAFLING growing form<\/title>\n<meta name=\"robots\" content=\"index, follow, max-snippet:-1, max-image-preview:large, max-video-preview:-1\" \/>\n<link rel=\"canonical\" href=\"https:\/\/www.leafling.at\/en\/widerrufsbelehrung\/\" \/>\n<meta property=\"og:locale\" content=\"en_US\" \/>\n<meta property=\"og:type\" content=\"article\" \/>\n<meta property=\"og:title\" content=\"Widerrufsbelehrung - LEAFLING growing form\" \/>\n<meta property=\"og:description\" content=\"Widerrufsrecht f\u00fcr Endkunden Widerrufsrecht: Sie haben das Recht, binnen vierzehn Tagen ohne Angabe von Gr\u00fcnden diesen Vertrag zu widerrufen. Die Widerrufsfrist betr\u00e4gt vierzehn Tage ab dem Tag, an dem Sie oder ein von Ihnen benannter Dritter, der nicht der Bef\u00f6rderer ist, die letzte Ware oder die letzte Teilsendung oder das letzte St\u00fcck in Besitz genommen &hellip;\" \/>\n<meta property=\"og:url\" content=\"https:\/\/www.leafling.at\/en\/widerrufsbelehrung\/\" \/>\n<meta property=\"og:site_name\" content=\"LEAFLING growing form\" \/>\n<meta property=\"article:publisher\" content=\"https:\/\/www.facebook.com\/Leafling-651689394858653\/\" \/>\n<meta property=\"article:modified_time\" content=\"2020-03-04T14:00:03+00:00\" \/>\n<meta property=\"og:image\" content=\"https:\/\/www.leafling.at\/wp-content\/uploads\/2020\/02\/Leafling-heart-growing-cress-symbols-watering-2.jpg\" \/>\n\t<meta property=\"og:image:width\" content=\"750\" \/>\n\t<meta property=\"og:image:height\" content=\"500\" \/>\n\t<meta property=\"og:image:type\" content=\"image\/jpeg\" \/>\n<meta name=\"twitter:card\" content=\"summary_large_image\" \/>\n<meta name=\"twitter:label1\" content=\"Est. reading time\" \/>\n\t<meta name=\"twitter:data1\" content=\"2 minutes\" \/>\n<script type=\"application\/ld+json\" class=\"yoast-schema-graph\">{\"@context\":\"https:\/\/schema.org\",\"@graph\":[{\"@type\":\"WebPage\",\"@id\":\"https:\/\/www.leafling.at\/en\/widerrufsbelehrung\/\",\"url\":\"https:\/\/www.leafling.at\/en\/widerrufsbelehrung\/\",\"name\":\"Widerrufsbelehrung - LEAFLING growing form\",\"isPartOf\":{\"@id\":\"https:\/\/www.leafling.at\/#website\"},\"datePublished\":\"2019-11-27T16:17:13+00:00\",\"dateModified\":\"2020-03-04T14:00:03+00:00\",\"breadcrumb\":{\"@id\":\"https:\/\/www.leafling.at\/en\/widerrufsbelehrung\/#breadcrumb\"},\"inLanguage\":\"en-US\",\"potentialAction\":[{\"@type\":\"ReadAction\",\"target\":[\"https:\/\/www.leafling.at\/en\/widerrufsbelehrung\/\"]}]},{\"@type\":\"BreadcrumbList\",\"@id\":\"https:\/\/www.leafling.at\/en\/widerrufsbelehrung\/#breadcrumb\",\"itemListElement\":[{\"@type\":\"ListItem\",\"position\":1,\"name\":\"Startseite\",\"item\":\"https:\/\/www.leafling.at\/\"},{\"@type\":\"ListItem\",\"position\":2,\"name\":\"Widerrufsbelehrung\"}]},{\"@type\":\"WebSite\",\"@id\":\"https:\/\/www.leafling.at\/#website\",\"url\":\"https:\/\/www.leafling.at\/\",\"name\":\"LEAFLING growing form\",\"description\":\"\",\"publisher\":{\"@id\":\"https:\/\/www.leafling.at\/#organization\"},\"potentialAction\":[{\"@type\":\"SearchAction\",\"target\":{\"@type\":\"EntryPoint\",\"urlTemplate\":\"https:\/\/www.leafling.at\/?s={search_term_string}\"},\"query-input\":{\"@type\":\"PropertyValueSpecification\",\"valueRequired\":true,\"valueName\":\"search_term_string\"}}],\"inLanguage\":\"en-US\"},{\"@type\":\"Organization\",\"@id\":\"https:\/\/www.leafling.at\/#organization\",\"name\":\"LEAFLING \u2013 growing form\",\"url\":\"https:\/\/www.leafling.at\/\",\"logo\":{\"@type\":\"ImageObject\",\"inLanguage\":\"en-US\",\"@id\":\"https:\/\/www.leafling.at\/#\/schema\/logo\/image\/\",\"url\":\"https:\/\/www.leafling.at\/wp-content\/uploads\/2020\/02\/e-mail-HEADER_4.png\",\"contentUrl\":\"https:\/\/www.leafling.at\/wp-content\/uploads\/2020\/02\/e-mail-HEADER_4.png\",\"width\":600,\"height\":99,\"caption\":\"LEAFLING \u2013 growing form\"},\"image\":{\"@id\":\"https:\/\/www.leafling.at\/#\/schema\/logo\/image\/\"},\"sameAs\":[\"https:\/\/www.facebook.com\/Leafling-651689394858653\/\",\"https:\/\/www.instagram.com\/leaflinggrowingform\/\",\"https:\/\/www.pinterest.de\/growingform\/\",\"https:\/\/www.youtube.com\/channel\/UCY0B7Qhjtl_o6TtLxyPSqjw\"]}]}<\/script>\n<!-- \/ Yoast SEO plugin. -->","yoast_head_json":{"title":"Widerrufsbelehrung - LEAFLING growing form","robots":{"index":"index","follow":"follow","max-snippet":"max-snippet:-1","max-image-preview":"max-image-preview:large","max-video-preview":"max-video-preview:-1"},"canonical":"https:\/\/www.leafling.at\/en\/widerrufsbelehrung\/","og_locale":"en_US","og_type":"article","og_title":"Widerrufsbelehrung - LEAFLING growing form","og_description":"Widerrufsrecht f\u00fcr Endkunden Widerrufsrecht: Sie haben das Recht, binnen vierzehn Tagen ohne Angabe von Gr\u00fcnden diesen Vertrag zu widerrufen. Die Widerrufsfrist betr\u00e4gt vierzehn Tage ab dem Tag, an dem Sie oder ein von Ihnen benannter Dritter, der nicht der Bef\u00f6rderer ist, die letzte Ware oder die letzte Teilsendung oder das letzte St\u00fcck in Besitz genommen &hellip;","og_url":"https:\/\/www.leafling.at\/en\/widerrufsbelehrung\/","og_site_name":"LEAFLING growing form","article_publisher":"https:\/\/www.facebook.com\/Leafling-651689394858653\/","article_modified_time":"2020-03-04T14:00:03+00:00","og_image":[{"width":750,"height":500,"url":"https:\/\/www.leafling.at\/wp-content\/uploads\/2020\/02\/Leafling-heart-growing-cress-symbols-watering-2.jpg","type":"image\/jpeg"}],"twitter_card":"summary_large_image","twitter_misc":{"Est. reading time":"2 minutes"},"schema":{"@context":"https:\/\/schema.org","@graph":[{"@type":"WebPage","@id":"https:\/\/www.leafling.at\/en\/widerrufsbelehrung\/","url":"https:\/\/www.leafling.at\/en\/widerrufsbelehrung\/","name":"Widerrufsbelehrung - LEAFLING growing form","isPartOf":{"@id":"https:\/\/www.leafling.at\/#website"},"datePublished":"2019-11-27T16:17:13+00:00","dateModified":"2020-03-04T14:00:03+00:00","breadcrumb":{"@id":"https:\/\/www.leafling.at\/en\/widerrufsbelehrung\/#breadcrumb"},"inLanguage":"en-US","potentialAction":[{"@type":"ReadAction","target":["https:\/\/www.leafling.at\/en\/widerrufsbelehrung\/"]}]},{"@type":"BreadcrumbList","@id":"https:\/\/www.leafling.at\/en\/widerrufsbelehrung\/#breadcrumb","itemListElement":[{"@type":"ListItem","position":1,"name":"Startseite","item":"https:\/\/www.leafling.at\/"},{"@type":"ListItem","position":2,"name":"Widerrufsbelehrung"}]},{"@type":"WebSite","@id":"https:\/\/www.leafling.at\/#website","url":"https:\/\/www.leafling.at\/","name":"LEAFLING growing form","description":"","publisher":{"@id":"https:\/\/www.leafling.at\/#organization"},"potentialAction":[{"@type":"SearchAction","target":{"@type":"EntryPoint","urlTemplate":"https:\/\/www.leafling.at\/?s={search_term_string}"},"query-input":{"@type":"PropertyValueSpecification","valueRequired":true,"valueName":"search_term_string"}}],"inLanguage":"en-US"},{"@type":"Organization","@id":"https:\/\/www.leafling.at\/#organization","name":"LEAFLING \u2013 growing form","url":"https:\/\/www.leafling.at\/","logo":{"@type":"ImageObject","inLanguage":"en-US","@id":"https:\/\/www.leafling.at\/#\/schema\/logo\/image\/","url":"https:\/\/www.leafling.at\/wp-content\/uploads\/2020\/02\/e-mail-HEADER_4.png","contentUrl":"https:\/\/www.leafling.at\/wp-content\/uploads\/2020\/02\/e-mail-HEADER_4.png","width":600,"height":99,"caption":"LEAFLING \u2013 growing form"},"image":{"@id":"https:\/\/www.leafling.at\/#\/schema\/logo\/image\/"},"sameAs":["https:\/\/www.facebook.com\/Leafling-651689394858653\/","https:\/\/www.instagram.com\/leaflinggrowingform\/","https:\/\/www.pinterest.de\/growingform\/","https:\/\/www.youtube.com\/channel\/UCY0B7Qhjtl_o6TtLxyPSqjw"]}]}},"_links":{"self":[{"href":"https:\/\/www.leafling.at\/en\/wp-json\/wp\/v2\/pages\/277","targetHints":{"allow":["GET"]}}],"collection":[{"href":"https:\/\/www.leafling.at\/en\/wp-json\/wp\/v2\/pages"}],"about":[{"href":"https:\/\/www.leafling.at\/en\/wp-json\/wp\/v2\/types\/page"}],"author":[{"embeddable":true,"href":"https:\/\/www.leafling.at\/en\/wp-json\/wp\/v2\/users\/1"}],"replies":[{"embeddable":true,"href":"https:\/\/www.leafling.at\/en\/wp-json\/wp\/v2\/comments?post=277"}],"version-history":[{"count":4,"href":"https:\/\/www.leafling.at\/en\/wp-json\/wp\/v2\/pages\/277\/revisions"}],"predecessor-version":[{"id":734,"href":"https:\/\/www.leafling.at\/en\/wp-json\/wp\/v2\/pages\/277\/revisions\/734"}],"wp:attachment":[{"href":"https:\/\/www.leafling.at\/en\/wp-json\/wp\/v2\/media?parent=277"}],"curies":[{"name":"wp","href":"https:\/\/api.w.org\/{rel}","templated":true}]}}