{"id":276,"date":"2019-11-27T17:17:13","date_gmt":"2019-11-27T16:17:13","guid":{"rendered":"http:\/\/neu.leafling.at\/agb\/"},"modified":"2020-02-28T11:56:29","modified_gmt":"2020-02-28T10:56:29","slug":"agb","status":"publish","type":"page","link":"https:\/\/www.leafling.at\/en\/agb\/","title":{"rendered":"terms"},"content":{"rendered":"<div style=\"height:100px\" aria-hidden=\"true\" class=\"wp-block-spacer\"><\/div>\n\n\n\n<p class=\"has-large-font-size\"><strong>Lieferungs- und Zahlungsbedingungen f\u00fcr Kaufvertr\u00e4ge mit Konsumenten<\/strong><\/p>\n\n\n\n<p><strong>1. Allgemeines<\/strong><br>F\u00fcr unsere Verk\u00e4ufer gelten ausschlie\u00dflich unsere nachstehenden Bedingungen. Abweichende Bedingungen des Auftraggebers, die der Verk\u00e4ufer nicht ausdr\u00fccklich schriftlich anerkennt, sind f\u00fcr den Verk\u00e4ufer unverbindlich, auch wenn er diesen nicht ausdr\u00fccklich widerspricht. Sp\u00e4testens mit der Entgegennahme der Ware gelten die nachfolgenden Bedingungen als angenommen.<\/p>\n\n\n\n<p><strong>2. Angebote<\/strong><br>Unsere Angebote sind freibleibend. Eingehende Auftragsangebote werden erst durch den Zugang unserer Auftragsbest\u00e4tigung verbindlich.<\/p>\n\n\n\n<p><strong>3. Auftr\u00e4ge<\/strong><br>Auftr\u00e4ge werden nur in schriftlicher Form entgegengenommen.<br>Internetbestellungen werden nur als solche anerkannt, wenn diese auch per Internetdokument an uns geschickt werden und den Produkten unseres Internetsortiments entsprechen. Sonderanfertigungen, die nicht in unserem Internetsortiment in Gr\u00f6\u00dfe, Farbe, Design und Kombinationen erh\u00e4ltlich sind, werden nicht in das 3-Tage R\u00fcckgaberecht miteingebunden. Sie sind verpflichtet die Ware zu bezahlen und anzunehmen.<\/p>\n\n\n\n<p><strong>4. Verpackung, Versand und Lieferung<\/strong><br>erfolgen auf Kosten und Gefahren des K\u00e4ufers. Eine Transportversicherung wird von uns nur nach Vereinbarung abgeschlossen. Die von uns ermittelten St\u00fcckzahlen und Gewichte sind ma\u00dfgebend f\u00fcr die Berechnung. Soweit nicht ausdr\u00fccklich Gegenteiliges vereinbart ist, sind wir zu Teillieferungen berechtigt. Die Lieferfrist verl\u00e4ngert sich in angemessener Weise, wenn wir durch h\u00f6here Gewalt, Arbeitskampfma\u00dfnahmen, kriegerische oder sonstige unvorhergesehene Ereignisse, die trotz der vern\u00fcnftigerweise zu erwartenden Vorsichtsma\u00dfnahmen nicht vermieden werden konnten, an der Erf\u00fcllung unserer Lieferverpflichtung gehindert werden.<br>Hinsichtlich Farben und Modell behalten wir uns \u00c4nderungen vor.<\/p>\n\n\n\n<p><strong>5. Preise<\/strong><br>Alle Preise gelten f\u00fcr eine Lieferung ab Produktionsst\u00e4tte Wien zzgl. der jeweils gesetzlichen Mehrwertsteuer. S\u00e4mtliche Preise werden in Euro ausgezeichnet. Berechnet werden die im Zeitpunkt des Vertragsabschlusses geltenden Tagespreise. Wir sind berechtigt und verpflichtet, bei nach Vertragsabschluss eintretenden Preis- und\/oder Kosten\u00e4nderungen, Kurs\u00e4nderungen, \u00c4nderungen von Frachten, Z\u00f6llen und sonstigen Abgaben die Preise entsprechend zu berichtigen, also nach oben bzw. unten anzupassen.<\/p>\n\n\n\n<p><strong>6. Zahlung<\/strong><br>Rechnungen sind sofort netto zahlbar. Schecks werden nicht akzeptiert. Bei Zahlungsverzug berechnen wir Verzugszinsen in H\u00f6he von 5% \u00fcber dem jeweiligen Diskontsatz der EZB. Die Geltendmachung weiteren Verzugsschadens bleibt vorbehalten.<\/p>\n\n\n\n<p><strong>7. Eigentumsvorbehalt<\/strong><br>Die gelieferten Waren bleiben bis zur Erf\u00fcllung s\u00e4mtlicher aus der Gesch\u00e4ftsverbindung zustehender Anspr\u00fcche unser Eigentum. F\u00fcr den Fall der Weiterver\u00e4u\u00dferung tritt der K\u00e4ufer bereits jetzt die ihm aus der Weiterver\u00e4u\u00dferung entstehenden Forderungen und sonstigen Anspr\u00fcchen gegen seinen Vertragspartner mit allen Nebenrechten an uns ab.\u00a0Der K\u00e4ufer ist bis zur vollst\u00e4ndigen Bezahlung der gelieferten Waren nicht dazu berechtigt, das Vorbehaltsgut zu verpf\u00e4nden oder zur Sicherung zu \u00fcbereignen.<\/p>\n\n\n\n<p><strong>8. Erf\u00fcllungsort und Gerichtsstand<\/strong><br>Erf\u00fcllungsort ist 1050 Wien (Austria). Die Rechtsbeziehungen zwischen uns und dem K\u00e4ufer unterliegen ausschlie\u00dflich dem Recht der Republik \u00d6sterreich mit Ausnahme der inter\u00adnationalen Verweisungsnormen und des UN-Kaufrechts. Soweit zul\u00e4ssig, wird als Gerichtsstand f\u00fcr Streitigkeiten aus oder im Zusammenhang mit diesem Vertragsverh\u00e4ltnis das f\u00fcr 1050 Wien sachlich zust\u00e4ndige Gericht vereinbart.<\/p>\n\n\n\n<p><strong>9. Muster<\/strong><br>Musterlieferungen erfolgen grunds\u00e4tzlich per Nachnahme. Muster werden nicht zur\u00fcckgenommen. Handelt es sich jedoch um Einzelmuster gew\u00e4hren wir eine R\u00fccksendefrist von 6 Wochen. Ein ausdr\u00fccklicher Hinweis auf Einzelmuster erfolgt auf dem Versandpapier. Nach Ablauf der Frist wird ein Pauschalbetrag erhoben, der auf dem Versandpapier dem K\u00e4ufer zur Kenntnis gebracht wird.<\/p>\n\n\n\n<p><strong>10. Salvatorische Klausel<\/strong><br>Sollte sich eine Bestimmung der gegenst\u00e4ndlichen Lieferungs- und Zahlungsbedingungen und\/oder des zugrunde liegenden Kaufvertrages als unwirksam herausstellen, so gilt anstelle der unwirksamen Bestimmung eine solche als vereinbart, die der unwirksamen Bestimmung wirtschaftlich m\u00f6glichst nahe kommt. Allf\u00e4llige Vertragsl\u00fccken sind in derselben Weise zu schlie\u00dfen.<\/p>\n\n\n\n<p class=\"has-large-font-size\"><strong>Lieferungs- und Zahlungsbedingungen f\u00fcr Kaufvertr\u00e4ge mit Unternehmern<\/strong><\/p>\n\n\n\n<p><strong>1. Allgemeines<\/strong><br>F\u00fcr unsere Verk\u00e4ufer gelten ausschlie\u00dflich unsere nachstehenden Bedingungen. Abweichende Bedingungen des Auftraggebers, die der Verk\u00e4ufer nicht ausdr\u00fccklich schriftlich anerkennt, sind f\u00fcr den Verk\u00e4ufer unverbindlich, auch wenn er diesen nicht ausdr\u00fccklich widerspricht. Sp\u00e4testens mit der Entgegennahme der Ware gelten die nachfolgenden Bedingungen als angenommen.<\/p>\n\n\n\n<p><strong>2. Angebote<\/strong><br>Unsere Angebote sind freibleibend. Eingehende Auftragsangebote werden erst durch den Zugang unserer Auftragsbest\u00e4tigung verbindlich.<\/p>\n\n\n\n<p><strong>3. Auftr\u00e4ge<\/strong><br>Auftr\u00e4ge werden nur in schriftlicher Form entgegengenommen.<\/p>\n\n\n\n<p><strong>4. Verpackung, Versand und Lieferung<\/strong><br>erfolgen auf Kosten und Gefahren des K\u00e4ufers. Eine Transportversicherung wird von uns nur nach Vereinbarung abgeschlossen. Die von uns ermittelten St\u00fcckzahlen und Gewichte sind ma\u00dfgebend f\u00fcr die Berechnung. Soweit nicht ausdr\u00fccklich Gegenteiliges vereinbart ist, sind wir zu Teillieferungen berechtigt. Die Lieferfrist verl\u00e4ngert sich in angemessener Weise, wenn wir durch h\u00f6here Gewalt, Arbeitskampfma\u00dfnahmen, kriegerische oder sonstige unvorhergesehene Ereignisse, die trotz der vern\u00fcnftigerweise zu erwartenden Vorsichtsma\u00dfnahmen nicht vermieden werden konnten, an der Erf\u00fcllung unserer Lieferverpflichtung gehindert werden.<br>Die R\u00fcge offen zutage tretender M\u00e4ngel ist nur innerhalb einer Woche zul\u00e4ssig; f\u00fcr die Fristberechnung sind der Zeitpunkt der Anlieferung und der Zugang der R\u00fcge ma\u00dfgebend. F\u00fcr Austauschleistungen betr\u00e4gt die Gew\u00e4hrleistungs\u00adfrist 6 Monate.<br>Hinsichtlich Farben und Modell behalten wir uns \u00c4nderungen vor.<\/p>\n\n\n\n<p><strong>5. Preise<\/strong><br>Alle Preise gelten f\u00fcr eine Lieferung ab Produktionsst\u00e4tte Wien (Austria) zzgl. der jeweils gesetzlichen Mehrwertsteuer. S\u00e4mtliche Preise werden in Euro ausgezeichnet. Berechnet werden die bei der Auslieferung geltenden Tagespreise. Wir sind berechtigt bei nach Vertragsabschlu\u00df eintretenden Preis- und Kostenerh\u00f6hungen, Kurs\u00e4nderungen, \u00c4nderungen von Frachten, Z\u00f6llen und sonstigen Abgaben die Preise zu berichtigen.<\/p>\n\n\n\n<p><strong>6. Zahlung<\/strong><br>Rechnungen sind sofort netto zahlbar. Schecks werden nicht akzeptiert. Bei Zahlungsverzug berechnen wir Verzugszinsen in H\u00f6he von 5% \u00fcber dem jeweiligen Diskontsatz der EZB. Die Geltendmachung weiteren Verzugsschadens bleibt vorbehalten.<\/p>\n\n\n\n<p><strong>7. Eigentumsvorbehalt<\/strong><br>Die gelieferten Waren bleiben bis zur Erf\u00fcllung s\u00e4mtlicher aus der Gesch\u00e4ftsverbindung zustehender Anspr\u00fcche unser Eigentum. F\u00fcr den Fall der Weiterver\u00e4u\u00dferung tritt der K\u00e4ufer bereits jetzt die ihm aus der Weiterver\u00e4u\u00dferung entstehenden Forderungen und sonstigen Anspr\u00fcchen gegen seinen Vertragspartner mit allen Nebenrechten an uns ab.<br>Der K\u00e4ufer ist bis zur vollst\u00e4ndigen Bezahlung der gelieferten Waren nicht dazu berechtigt, das Vorbehaltsgut zu verpf\u00e4nden oder zur Sicherung zu \u00fcbereignen.<\/p>\n\n\n\n<p><strong>8. Erf\u00fcllungsort und Gerichtsstand<\/strong><br>F\u00fcr s\u00e4mtliche sich zwischen den Parteien aus dem Vertragsverh\u00e4ltnis ergebenden Streitigkeiten ist \u2013 1050 Wien (Austria) der Erf\u00fcllungsort und Gerichtsstand. Die Rechtsbeziehungen zwischen uns und dem K\u00e4ufer unterliegen ausschlie\u00dflich dem Recht der Republik \u00d6sterreich unter Aus\u00adschluss der internationalen Verweisungsnormen und des UN-Kaufrechts.<\/p>\n\n\n\n<p><strong>9. Muster<\/strong><br>Musterlieferungen erfolgen grunds\u00e4tzlich per Nachnahme. Muster werden nicht zur\u00fcckgenommen. Handelt es sich jedoch um Einzelmuster gew\u00e4hren wir eine R\u00fccksendefrist von 6 Wochen. Ein ausdr\u00fccklicher Hinweis auf Einzelmuster erfolgt auf dem Versandpapier. Nach Ablauf der Frist wird ein Pauschalbetrag erhoben, der auf dem Versandpapier dem K\u00e4ufer zur Kenntnis gebracht wird.<\/p>\n\n\n\n<p><strong>10. Salvatorische Klausel<\/strong><br>Sollte sich eine Bestimmung der gegenst\u00e4ndlichen Lieferungs- und Zahlungsbedingungen und\/oder des zugrunde liegenden Kaufvertrages als unwirksam herausstellen, so gilt anstelle der unwirksamen Bestimmung eine solche als vereinbart, die der unwirksamen Bestimmung wirtschaftlich m\u00f6glichst nahe kommt. Allf\u00e4llige Vertragsl\u00fccken sind in derselben Weise zu schlie\u00dfen.<\/p>\n\n\n<div class=\"woocommerce woocommerce-gzd woocommerce-gzd-complaints-shortcode\">\n\t\t\t<h3>Information pursuant to \u00a7 19 (3) AStG<\/h3>\n\t\t<p>Alternative Dispute Resolution Act - Online stores<\/p>\n\t\nZur Teilnahme an einem Streitbeilegungsverfahren vor einer Verbraucherschlichtungsstelle sind wir nicht verpflichtet und nicht bereit.<\/div>\n\n\n<div style=\"height:100px\" aria-hidden=\"true\" class=\"wp-block-spacer\"><\/div>","protected":false},"excerpt":{"rendered":"<p>Lieferungs- und Zahlungsbedingungen f\u00fcr Kaufvertr\u00e4ge mit Konsumenten 1. AllgemeinesF\u00fcr unsere Verk\u00e4ufer gelten ausschlie\u00dflich unsere nachstehenden Bedingungen. Abweichende Bedingungen des Auftraggebers, die der Verk\u00e4ufer nicht ausdr\u00fccklich schriftlich anerkennt, sind f\u00fcr den Verk\u00e4ufer unverbindlich, auch wenn er diesen nicht ausdr\u00fccklich widerspricht. Sp\u00e4testens mit der Entgegennahme der Ware gelten die nachfolgenden Bedingungen als angenommen. 2. AngeboteUnsere Angebote sind &hellip;<\/p>","protected":false},"author":1,"featured_media":0,"parent":0,"menu_order":0,"comment_status":"closed","ping_status":"closed","template":"","meta":{"_monsterinsights_skip_tracking":false,"_monsterinsights_sitenote_active":false,"_monsterinsights_sitenote_note":"","_monsterinsights_sitenote_category":0,"footnotes":""},"class_list":["post-276","page","type-page","status-publish","hentry"],"yoast_head":"<!-- This site is optimized with the Yoast SEO plugin v26.9 - https:\/\/yoast.com\/product\/yoast-seo-wordpress\/ -->\n<title>AGB - LEAFLING growing form<\/title>\n<meta name=\"robots\" content=\"index, follow, max-snippet:-1, max-image-preview:large, max-video-preview:-1\" \/>\n<link rel=\"canonical\" href=\"https:\/\/www.leafling.at\/en\/agb\/\" \/>\n<meta property=\"og:locale\" content=\"en_US\" \/>\n<meta property=\"og:type\" content=\"article\" \/>\n<meta property=\"og:title\" content=\"AGB - LEAFLING growing form\" \/>\n<meta property=\"og:description\" content=\"Lieferungs- und Zahlungsbedingungen f\u00fcr Kaufvertr\u00e4ge mit Konsumenten 1. AllgemeinesF\u00fcr unsere Verk\u00e4ufer gelten ausschlie\u00dflich unsere nachstehenden Bedingungen. Abweichende Bedingungen des Auftraggebers, die der Verk\u00e4ufer nicht ausdr\u00fccklich schriftlich anerkennt, sind f\u00fcr den Verk\u00e4ufer unverbindlich, auch wenn er diesen nicht ausdr\u00fccklich widerspricht. Sp\u00e4testens mit der Entgegennahme der Ware gelten die nachfolgenden Bedingungen als angenommen. 2. AngeboteUnsere Angebote sind &hellip;\" \/>\n<meta property=\"og:url\" content=\"https:\/\/www.leafling.at\/en\/agb\/\" \/>\n<meta property=\"og:site_name\" content=\"LEAFLING growing form\" \/>\n<meta property=\"article:publisher\" content=\"https:\/\/www.facebook.com\/Leafling-651689394858653\/\" \/>\n<meta property=\"article:modified_time\" content=\"2020-02-28T10:56:29+00:00\" \/>\n<meta property=\"og:image\" content=\"https:\/\/www.leafling.at\/wp-content\/uploads\/2020\/02\/Leafling-heart-growing-cress-symbols-watering-2.jpg\" \/>\n\t<meta property=\"og:image:width\" content=\"750\" \/>\n\t<meta property=\"og:image:height\" content=\"500\" \/>\n\t<meta property=\"og:image:type\" content=\"image\/jpeg\" \/>\n<meta name=\"twitter:card\" content=\"summary_large_image\" \/>\n<meta name=\"twitter:label1\" content=\"Est. reading time\" \/>\n\t<meta name=\"twitter:data1\" content=\"6 minutes\" \/>\n<script type=\"application\/ld+json\" class=\"yoast-schema-graph\">{\"@context\":\"https:\/\/schema.org\",\"@graph\":[{\"@type\":\"WebPage\",\"@id\":\"https:\/\/www.leafling.at\/en\/agb\/\",\"url\":\"https:\/\/www.leafling.at\/en\/agb\/\",\"name\":\"AGB - LEAFLING growing form\",\"isPartOf\":{\"@id\":\"https:\/\/www.leafling.at\/#website\"},\"datePublished\":\"2019-11-27T16:17:13+00:00\",\"dateModified\":\"2020-02-28T10:56:29+00:00\",\"breadcrumb\":{\"@id\":\"https:\/\/www.leafling.at\/en\/agb\/#breadcrumb\"},\"inLanguage\":\"en-US\",\"potentialAction\":[{\"@type\":\"ReadAction\",\"target\":[\"https:\/\/www.leafling.at\/en\/agb\/\"]}]},{\"@type\":\"BreadcrumbList\",\"@id\":\"https:\/\/www.leafling.at\/en\/agb\/#breadcrumb\",\"itemListElement\":[{\"@type\":\"ListItem\",\"position\":1,\"name\":\"Startseite\",\"item\":\"https:\/\/www.leafling.at\/\"},{\"@type\":\"ListItem\",\"position\":2,\"name\":\"AGB\"}]},{\"@type\":\"WebSite\",\"@id\":\"https:\/\/www.leafling.at\/#website\",\"url\":\"https:\/\/www.leafling.at\/\",\"name\":\"LEAFLING growing form\",\"description\":\"\",\"publisher\":{\"@id\":\"https:\/\/www.leafling.at\/#organization\"},\"potentialAction\":[{\"@type\":\"SearchAction\",\"target\":{\"@type\":\"EntryPoint\",\"urlTemplate\":\"https:\/\/www.leafling.at\/?s={search_term_string}\"},\"query-input\":{\"@type\":\"PropertyValueSpecification\",\"valueRequired\":true,\"valueName\":\"search_term_string\"}}],\"inLanguage\":\"en-US\"},{\"@type\":\"Organization\",\"@id\":\"https:\/\/www.leafling.at\/#organization\",\"name\":\"LEAFLING \u2013 growing form\",\"url\":\"https:\/\/www.leafling.at\/\",\"logo\":{\"@type\":\"ImageObject\",\"inLanguage\":\"en-US\",\"@id\":\"https:\/\/www.leafling.at\/#\/schema\/logo\/image\/\",\"url\":\"https:\/\/www.leafling.at\/wp-content\/uploads\/2020\/02\/e-mail-HEADER_4.png\",\"contentUrl\":\"https:\/\/www.leafling.at\/wp-content\/uploads\/2020\/02\/e-mail-HEADER_4.png\",\"width\":600,\"height\":99,\"caption\":\"LEAFLING \u2013 growing form\"},\"image\":{\"@id\":\"https:\/\/www.leafling.at\/#\/schema\/logo\/image\/\"},\"sameAs\":[\"https:\/\/www.facebook.com\/Leafling-651689394858653\/\",\"https:\/\/www.instagram.com\/leaflinggrowingform\/\",\"https:\/\/www.pinterest.de\/growingform\/\",\"https:\/\/www.youtube.com\/channel\/UCY0B7Qhjtl_o6TtLxyPSqjw\"]}]}<\/script>\n<!-- \/ Yoast SEO plugin. -->","yoast_head_json":{"title":"AGB - LEAFLING growing form","robots":{"index":"index","follow":"follow","max-snippet":"max-snippet:-1","max-image-preview":"max-image-preview:large","max-video-preview":"max-video-preview:-1"},"canonical":"https:\/\/www.leafling.at\/en\/agb\/","og_locale":"en_US","og_type":"article","og_title":"AGB - LEAFLING growing form","og_description":"Lieferungs- und Zahlungsbedingungen f\u00fcr Kaufvertr\u00e4ge mit Konsumenten 1. AllgemeinesF\u00fcr unsere Verk\u00e4ufer gelten ausschlie\u00dflich unsere nachstehenden Bedingungen. Abweichende Bedingungen des Auftraggebers, die der Verk\u00e4ufer nicht ausdr\u00fccklich schriftlich anerkennt, sind f\u00fcr den Verk\u00e4ufer unverbindlich, auch wenn er diesen nicht ausdr\u00fccklich widerspricht. Sp\u00e4testens mit der Entgegennahme der Ware gelten die nachfolgenden Bedingungen als angenommen. 2. AngeboteUnsere Angebote sind &hellip;","og_url":"https:\/\/www.leafling.at\/en\/agb\/","og_site_name":"LEAFLING growing form","article_publisher":"https:\/\/www.facebook.com\/Leafling-651689394858653\/","article_modified_time":"2020-02-28T10:56:29+00:00","og_image":[{"width":750,"height":500,"url":"https:\/\/www.leafling.at\/wp-content\/uploads\/2020\/02\/Leafling-heart-growing-cress-symbols-watering-2.jpg","type":"image\/jpeg"}],"twitter_card":"summary_large_image","twitter_misc":{"Est. reading time":"6 minutes"},"schema":{"@context":"https:\/\/schema.org","@graph":[{"@type":"WebPage","@id":"https:\/\/www.leafling.at\/en\/agb\/","url":"https:\/\/www.leafling.at\/en\/agb\/","name":"AGB - LEAFLING growing form","isPartOf":{"@id":"https:\/\/www.leafling.at\/#website"},"datePublished":"2019-11-27T16:17:13+00:00","dateModified":"2020-02-28T10:56:29+00:00","breadcrumb":{"@id":"https:\/\/www.leafling.at\/en\/agb\/#breadcrumb"},"inLanguage":"en-US","potentialAction":[{"@type":"ReadAction","target":["https:\/\/www.leafling.at\/en\/agb\/"]}]},{"@type":"BreadcrumbList","@id":"https:\/\/www.leafling.at\/en\/agb\/#breadcrumb","itemListElement":[{"@type":"ListItem","position":1,"name":"Startseite","item":"https:\/\/www.leafling.at\/"},{"@type":"ListItem","position":2,"name":"AGB"}]},{"@type":"WebSite","@id":"https:\/\/www.leafling.at\/#website","url":"https:\/\/www.leafling.at\/","name":"LEAFLING growing form","description":"","publisher":{"@id":"https:\/\/www.leafling.at\/#organization"},"potentialAction":[{"@type":"SearchAction","target":{"@type":"EntryPoint","urlTemplate":"https:\/\/www.leafling.at\/?s={search_term_string}"},"query-input":{"@type":"PropertyValueSpecification","valueRequired":true,"valueName":"search_term_string"}}],"inLanguage":"en-US"},{"@type":"Organization","@id":"https:\/\/www.leafling.at\/#organization","name":"LEAFLING \u2013 growing form","url":"https:\/\/www.leafling.at\/","logo":{"@type":"ImageObject","inLanguage":"en-US","@id":"https:\/\/www.leafling.at\/#\/schema\/logo\/image\/","url":"https:\/\/www.leafling.at\/wp-content\/uploads\/2020\/02\/e-mail-HEADER_4.png","contentUrl":"https:\/\/www.leafling.at\/wp-content\/uploads\/2020\/02\/e-mail-HEADER_4.png","width":600,"height":99,"caption":"LEAFLING \u2013 growing form"},"image":{"@id":"https:\/\/www.leafling.at\/#\/schema\/logo\/image\/"},"sameAs":["https:\/\/www.facebook.com\/Leafling-651689394858653\/","https:\/\/www.instagram.com\/leaflinggrowingform\/","https:\/\/www.pinterest.de\/growingform\/","https:\/\/www.youtube.com\/channel\/UCY0B7Qhjtl_o6TtLxyPSqjw"]}]}},"_links":{"self":[{"href":"https:\/\/www.leafling.at\/en\/wp-json\/wp\/v2\/pages\/276","targetHints":{"allow":["GET"]}}],"collection":[{"href":"https:\/\/www.leafling.at\/en\/wp-json\/wp\/v2\/pages"}],"about":[{"href":"https:\/\/www.leafling.at\/en\/wp-json\/wp\/v2\/types\/page"}],"author":[{"embeddable":true,"href":"https:\/\/www.leafling.at\/en\/wp-json\/wp\/v2\/users\/1"}],"replies":[{"embeddable":true,"href":"https:\/\/www.leafling.at\/en\/wp-json\/wp\/v2\/comments?post=276"}],"version-history":[{"count":6,"href":"https:\/\/www.leafling.at\/en\/wp-json\/wp\/v2\/pages\/276\/revisions"}],"predecessor-version":[{"id":551,"href":"https:\/\/www.leafling.at\/en\/wp-json\/wp\/v2\/pages\/276\/revisions\/551"}],"wp:attachment":[{"href":"https:\/\/www.leafling.at\/en\/wp-json\/wp\/v2\/media?parent=276"}],"curies":[{"name":"wp","href":"https:\/\/api.w.org\/{rel}","templated":true}]}}