{"id":275,"date":"2019-11-27T17:17:13","date_gmt":"2019-11-27T16:17:13","guid":{"rendered":"http:\/\/neu.leafling.at\/impressum\/"},"modified":"2020-03-04T14:45:22","modified_gmt":"2020-03-04T13:45:22","slug":"impressum","status":"publish","type":"page","link":"https:\/\/www.leafling.at\/en\/impressum\/","title":{"rendered":"Imprint"},"content":{"rendered":"<div style=\"height:50px\" aria-hidden=\"true\" class=\"wp-block-spacer\"><\/div>\n\n\n\n<p><strong>Imprint<\/strong><br><br>LEAFLING \u2013 growing form<br>by HAGEN GESTALTUNG B.B.I. <br>Julian C. Hagen <br>Franzensgasse 21\/7<br>1050 Vienna <br>Austria<br><br>Tel:\u00a0+43 699 105 796 90 <br><a href=\"mailto: info@leafling.at\">info@leafling.at\u00a0<\/a><br><a rel=\"noreferrer noopener\" aria-label=\"www.leafling.at (\u00f6ffnet in neuem Tab)\" href=\"https:\/\/www.leafling.at\/en\/\" target=\"_blank\">www.leafling.at<\/a><br><\/p>\n\n\n\n<p class=\"translation-block\"><br>Authorized representatives \/ Managing Director:<br>Julian C. Hagen<br>Register court:\u00a0Wien<br>Chamber membership: Wirtschaftskammer Wien<br>VAT Number: ATU64075011<br><br><a rel=\"noreferrer noopener\" aria-label=\"General terms for consumers (only in German) (\u00f6ffnet in neuem Tab)\" href=\"https:\/\/neu.leafling.at\/agb\/\" target=\"_self\">General terms for consumers (only in German)<\/a><br><a rel=\"noreferrer noopener\" aria-label=\" (\u00f6ffnet in neuem Tab)\" href=\"https:\/\/neu.leafling.at\/agb\/\" target=\"_self\">General terms for traders and enterprises (only in German)<\/a><br><\/p>\n\n\n\n<p class=\"translation-block\"><strong>Disclaimer:<\/strong><br>Despite careful content control, we assume no liability for the content of external links. The respective operators are solely responsible for the content of the linked pages.\nSubject to technical modifications.<\/p>\n\n\n<div class=\"woocommerce woocommerce-gzd woocommerce-gzd-complaints-shortcode\">\n\t\t\t<h3>Information pursuant to \u00a7 19 (3) AStG<\/h3>\n\t\t<p>Alternative Dispute Resolution Act - Online stores<\/p>\n\t\nZur Teilnahme an einem Streitbeilegungsverfahren vor einer Verbraucherschlichtungsstelle sind wir nicht verpflichtet und nicht bereit.<\/div>\n\n\n<div style=\"height:100px\" aria-hidden=\"true\" class=\"wp-block-spacer\"><\/div>","protected":false},"excerpt":{"rendered":"<p>Impressum LEAFLING \u2013 growing formby HAGEN GESTALTUNG B.B.I. Julian C. Hagen Franzensgasse 21\/71050 Wien Austria Tel:\u00a0+43 699 105 796 90 info@leafling.at\u00a0www.leafling.at Vertretungsberechtigte Gesch\u00e4ftsf\u00fchrer:Julian C. HagenRegistergericht:\u00a0WienKammerzugeh\u00f6rigkeit: Wirtschaftskammer WienUmsatzsteuer ID:\u00a0ATU64075011 Allgemeine Gesch\u00e4ftsbedingungen f\u00fcr Endkunden (Konsumenten)Allgemeine Gesch\u00e4ftsbedingungen f\u00fcr H\u00e4ndler und Unternehmer Haftungshinweis:Trotz sorgf\u00e4ltiger inhaltlicher Kontrolle \u00fcbernehmen wir keine Haftung f\u00fcr die Inhalte externer Links. F\u00fcr den Inhalt der &hellip;<\/p>","protected":false},"author":1,"featured_media":0,"parent":0,"menu_order":0,"comment_status":"closed","ping_status":"closed","template":"","meta":{"_monsterinsights_skip_tracking":false,"_monsterinsights_sitenote_active":false,"_monsterinsights_sitenote_note":"","_monsterinsights_sitenote_category":0,"footnotes":""},"class_list":["post-275","page","type-page","status-publish","hentry"],"yoast_head":"<!-- This site is optimized with the Yoast SEO plugin v26.9 - https:\/\/yoast.com\/product\/yoast-seo-wordpress\/ -->\n<title>Impressum - LEAFLING growing form<\/title>\n<meta name=\"robots\" content=\"index, follow, max-snippet:-1, max-image-preview:large, max-video-preview:-1\" \/>\n<link rel=\"canonical\" href=\"https:\/\/www.leafling.at\/en\/impressum\/\" \/>\n<meta property=\"og:locale\" content=\"en_US\" \/>\n<meta property=\"og:type\" content=\"article\" \/>\n<meta property=\"og:title\" content=\"Impressum - LEAFLING growing form\" \/>\n<meta property=\"og:description\" content=\"Impressum LEAFLING \u2013 growing formby HAGEN GESTALTUNG B.B.I. Julian C. Hagen Franzensgasse 21\/71050 Wien Austria Tel:\u00a0+43 699 105 796 90 info@leafling.at\u00a0www.leafling.at Vertretungsberechtigte Gesch\u00e4ftsf\u00fchrer:Julian C. HagenRegistergericht:\u00a0WienKammerzugeh\u00f6rigkeit: Wirtschaftskammer WienUmsatzsteuer ID:\u00a0ATU64075011 Allgemeine Gesch\u00e4ftsbedingungen f\u00fcr Endkunden (Konsumenten)Allgemeine Gesch\u00e4ftsbedingungen f\u00fcr H\u00e4ndler und Unternehmer Haftungshinweis:Trotz sorgf\u00e4ltiger inhaltlicher Kontrolle \u00fcbernehmen wir keine Haftung f\u00fcr die Inhalte externer Links. F\u00fcr den Inhalt der &hellip;\" \/>\n<meta property=\"og:url\" content=\"https:\/\/www.leafling.at\/en\/impressum\/\" \/>\n<meta property=\"og:site_name\" content=\"LEAFLING growing form\" \/>\n<meta property=\"article:publisher\" content=\"https:\/\/www.facebook.com\/Leafling-651689394858653\/\" \/>\n<meta property=\"article:modified_time\" content=\"2020-03-04T13:45:22+00:00\" \/>\n<meta property=\"og:image\" content=\"https:\/\/www.leafling.at\/wp-content\/uploads\/2020\/02\/Leafling-heart-growing-cress-symbols-watering-2.jpg\" \/>\n\t<meta property=\"og:image:width\" content=\"750\" \/>\n\t<meta property=\"og:image:height\" content=\"500\" \/>\n\t<meta property=\"og:image:type\" content=\"image\/jpeg\" \/>\n<meta name=\"twitter:card\" content=\"summary_large_image\" \/>\n<script type=\"application\/ld+json\" class=\"yoast-schema-graph\">{\"@context\":\"https:\/\/schema.org\",\"@graph\":[{\"@type\":\"WebPage\",\"@id\":\"https:\/\/www.leafling.at\/impressum\/\",\"url\":\"https:\/\/www.leafling.at\/impressum\/\",\"name\":\"Impressum - LEAFLING growing form\",\"isPartOf\":{\"@id\":\"https:\/\/www.leafling.at\/#website\"},\"datePublished\":\"2019-11-27T16:17:13+00:00\",\"dateModified\":\"2020-03-04T13:45:22+00:00\",\"breadcrumb\":{\"@id\":\"https:\/\/www.leafling.at\/impressum\/#breadcrumb\"},\"inLanguage\":\"en-US\",\"potentialAction\":[{\"@type\":\"ReadAction\",\"target\":[\"https:\/\/www.leafling.at\/impressum\/\"]}]},{\"@type\":\"BreadcrumbList\",\"@id\":\"https:\/\/www.leafling.at\/impressum\/#breadcrumb\",\"itemListElement\":[{\"@type\":\"ListItem\",\"position\":1,\"name\":\"Startseite\",\"item\":\"https:\/\/www.leafling.at\/\"},{\"@type\":\"ListItem\",\"position\":2,\"name\":\"Impressum\"}]},{\"@type\":\"WebSite\",\"@id\":\"https:\/\/www.leafling.at\/#website\",\"url\":\"https:\/\/www.leafling.at\/\",\"name\":\"LEAFLING growing form\",\"description\":\"\",\"publisher\":{\"@id\":\"https:\/\/www.leafling.at\/#organization\"},\"potentialAction\":[{\"@type\":\"SearchAction\",\"target\":{\"@type\":\"EntryPoint\",\"urlTemplate\":\"https:\/\/www.leafling.at\/?s={search_term_string}\"},\"query-input\":{\"@type\":\"PropertyValueSpecification\",\"valueRequired\":true,\"valueName\":\"search_term_string\"}}],\"inLanguage\":\"en-US\"},{\"@type\":\"Organization\",\"@id\":\"https:\/\/www.leafling.at\/#organization\",\"name\":\"LEAFLING \u2013 growing form\",\"url\":\"https:\/\/www.leafling.at\/\",\"logo\":{\"@type\":\"ImageObject\",\"inLanguage\":\"en-US\",\"@id\":\"https:\/\/www.leafling.at\/#\/schema\/logo\/image\/\",\"url\":\"https:\/\/www.leafling.at\/wp-content\/uploads\/2020\/02\/e-mail-HEADER_4.png\",\"contentUrl\":\"https:\/\/www.leafling.at\/wp-content\/uploads\/2020\/02\/e-mail-HEADER_4.png\",\"width\":600,\"height\":99,\"caption\":\"LEAFLING \u2013 growing form\"},\"image\":{\"@id\":\"https:\/\/www.leafling.at\/#\/schema\/logo\/image\/\"},\"sameAs\":[\"https:\/\/www.facebook.com\/Leafling-651689394858653\/\",\"https:\/\/www.instagram.com\/leaflinggrowingform\/\",\"https:\/\/www.pinterest.de\/growingform\/\",\"https:\/\/www.youtube.com\/channel\/UCY0B7Qhjtl_o6TtLxyPSqjw\"]}]}<\/script>\n<!-- \/ Yoast SEO plugin. -->","yoast_head_json":{"title":"Impressum - LEAFLING growing form","robots":{"index":"index","follow":"follow","max-snippet":"max-snippet:-1","max-image-preview":"max-image-preview:large","max-video-preview":"max-video-preview:-1"},"canonical":"https:\/\/www.leafling.at\/en\/impressum\/","og_locale":"en_US","og_type":"article","og_title":"Impressum - LEAFLING growing form","og_description":"Impressum LEAFLING \u2013 growing formby HAGEN GESTALTUNG B.B.I. Julian C. Hagen Franzensgasse 21\/71050 Wien Austria Tel:\u00a0+43 699 105 796 90 info@leafling.at\u00a0www.leafling.at Vertretungsberechtigte Gesch\u00e4ftsf\u00fchrer:Julian C. HagenRegistergericht:\u00a0WienKammerzugeh\u00f6rigkeit: Wirtschaftskammer WienUmsatzsteuer ID:\u00a0ATU64075011 Allgemeine Gesch\u00e4ftsbedingungen f\u00fcr Endkunden (Konsumenten)Allgemeine Gesch\u00e4ftsbedingungen f\u00fcr H\u00e4ndler und Unternehmer Haftungshinweis:Trotz sorgf\u00e4ltiger inhaltlicher Kontrolle \u00fcbernehmen wir keine Haftung f\u00fcr die Inhalte externer Links. F\u00fcr den Inhalt der &hellip;","og_url":"https:\/\/www.leafling.at\/en\/impressum\/","og_site_name":"LEAFLING growing form","article_publisher":"https:\/\/www.facebook.com\/Leafling-651689394858653\/","article_modified_time":"2020-03-04T13:45:22+00:00","og_image":[{"width":750,"height":500,"url":"https:\/\/www.leafling.at\/wp-content\/uploads\/2020\/02\/Leafling-heart-growing-cress-symbols-watering-2.jpg","type":"image\/jpeg"}],"twitter_card":"summary_large_image","schema":{"@context":"https:\/\/schema.org","@graph":[{"@type":"WebPage","@id":"https:\/\/www.leafling.at\/impressum\/","url":"https:\/\/www.leafling.at\/impressum\/","name":"Impressum - LEAFLING growing form","isPartOf":{"@id":"https:\/\/www.leafling.at\/#website"},"datePublished":"2019-11-27T16:17:13+00:00","dateModified":"2020-03-04T13:45:22+00:00","breadcrumb":{"@id":"https:\/\/www.leafling.at\/impressum\/#breadcrumb"},"inLanguage":"en-US","potentialAction":[{"@type":"ReadAction","target":["https:\/\/www.leafling.at\/impressum\/"]}]},{"@type":"BreadcrumbList","@id":"https:\/\/www.leafling.at\/impressum\/#breadcrumb","itemListElement":[{"@type":"ListItem","position":1,"name":"Startseite","item":"https:\/\/www.leafling.at\/"},{"@type":"ListItem","position":2,"name":"Impressum"}]},{"@type":"WebSite","@id":"https:\/\/www.leafling.at\/#website","url":"https:\/\/www.leafling.at\/","name":"LEAFLING growing form","description":"","publisher":{"@id":"https:\/\/www.leafling.at\/#organization"},"potentialAction":[{"@type":"SearchAction","target":{"@type":"EntryPoint","urlTemplate":"https:\/\/www.leafling.at\/?s={search_term_string}"},"query-input":{"@type":"PropertyValueSpecification","valueRequired":true,"valueName":"search_term_string"}}],"inLanguage":"en-US"},{"@type":"Organization","@id":"https:\/\/www.leafling.at\/#organization","name":"LEAFLING \u2013 growing form","url":"https:\/\/www.leafling.at\/","logo":{"@type":"ImageObject","inLanguage":"en-US","@id":"https:\/\/www.leafling.at\/#\/schema\/logo\/image\/","url":"https:\/\/www.leafling.at\/wp-content\/uploads\/2020\/02\/e-mail-HEADER_4.png","contentUrl":"https:\/\/www.leafling.at\/wp-content\/uploads\/2020\/02\/e-mail-HEADER_4.png","width":600,"height":99,"caption":"LEAFLING \u2013 growing form"},"image":{"@id":"https:\/\/www.leafling.at\/#\/schema\/logo\/image\/"},"sameAs":["https:\/\/www.facebook.com\/Leafling-651689394858653\/","https:\/\/www.instagram.com\/leaflinggrowingform\/","https:\/\/www.pinterest.de\/growingform\/","https:\/\/www.youtube.com\/channel\/UCY0B7Qhjtl_o6TtLxyPSqjw"]}]}},"_links":{"self":[{"href":"https:\/\/www.leafling.at\/en\/wp-json\/wp\/v2\/pages\/275","targetHints":{"allow":["GET"]}}],"collection":[{"href":"https:\/\/www.leafling.at\/en\/wp-json\/wp\/v2\/pages"}],"about":[{"href":"https:\/\/www.leafling.at\/en\/wp-json\/wp\/v2\/types\/page"}],"author":[{"embeddable":true,"href":"https:\/\/www.leafling.at\/en\/wp-json\/wp\/v2\/users\/1"}],"replies":[{"embeddable":true,"href":"https:\/\/www.leafling.at\/en\/wp-json\/wp\/v2\/comments?post=275"}],"version-history":[{"count":5,"href":"https:\/\/www.leafling.at\/en\/wp-json\/wp\/v2\/pages\/275\/revisions"}],"predecessor-version":[{"id":732,"href":"https:\/\/www.leafling.at\/en\/wp-json\/wp\/v2\/pages\/275\/revisions\/732"}],"wp:attachment":[{"href":"https:\/\/www.leafling.at\/en\/wp-json\/wp\/v2\/media?parent=275"}],"curies":[{"name":"wp","href":"https:\/\/api.w.org\/{rel}","templated":true}]}}