{"id":221,"date":"2019-03-01T14:54:03","date_gmt":"2019-03-01T13:54:03","guid":{"rendered":"http:\/\/neu.leafling.at\/?page_id=221"},"modified":"2020-03-04T21:30:45","modified_gmt":"2020-03-04T20:30:45","slug":"was-ist-neu","status":"publish","type":"page","link":"https:\/\/www.leafling.at\/en\/alles-ueber-leafling\/was-ist-neu\/","title":{"rendered":"What's new?"},"content":{"rendered":"<figure class=\"wp-block-gallery columns-3 is-cropped wp-block-gallery-1 is-layout-flex wp-block-gallery-is-layout-flex\"><ul class=\"blocks-gallery-grid\"><li class=\"blocks-gallery-item\"><figure><img loading=\"lazy\" decoding=\"async\" width=\"800\" height=\"800\" src=\"https:\/\/www.leafling.at\/wp-content\/uploads\/2020\/02\/UND-Zeichen.jpg\" alt=\"UND Zeichen aus Samen zum gie\u00dfen\" data-id=\"473\" data-full-url=\"https:\/\/www.leafling.at\/wp-content\/uploads\/2020\/02\/UND-Zeichen.jpg\" data-link=\"https:\/\/www.leafling.at\/?attachment_id=473\" class=\"wp-image-473\" srcset=\"https:\/\/www.leafling.at\/wp-content\/uploads\/2020\/02\/UND-Zeichen.jpg 800w, https:\/\/www.leafling.at\/wp-content\/uploads\/2020\/02\/UND-Zeichen-350x350.jpg 350w, https:\/\/www.leafling.at\/wp-content\/uploads\/2020\/02\/UND-Zeichen-100x100.jpg 100w, https:\/\/www.leafling.at\/wp-content\/uploads\/2020\/02\/UND-Zeichen-680x680.jpg 680w, https:\/\/www.leafling.at\/wp-content\/uploads\/2020\/02\/UND-Zeichen-300x300.jpg 300w, https:\/\/www.leafling.at\/wp-content\/uploads\/2020\/02\/UND-Zeichen-150x150.jpg 150w, https:\/\/www.leafling.at\/wp-content\/uploads\/2020\/02\/UND-Zeichen-768x768.jpg 768w\" sizes=\"auto, (max-width: 800px) 100vw, 800px\" \/><\/figure><\/li><li class=\"blocks-gallery-item\"><figure><img loading=\"lazy\" decoding=\"async\" width=\"900\" height=\"600\" src=\"https:\/\/www.leafling.at\/wp-content\/uploads\/2020\/03\/LEAF-Anleitung_Giessen_spriessen.jpg\" alt=\"Leafling Anleitung. Samen beginnen zu keimen\" data-id=\"710\" data-full-url=\"https:\/\/www.leafling.at\/wp-content\/uploads\/2020\/03\/LEAF-Anleitung_Giessen_spriessen.jpg\" data-link=\"https:\/\/www.leafling.at\/wie-funktioniert-es\/leaf-anleitung_giessen_spriessen\/\" class=\"wp-image-710\" srcset=\"https:\/\/www.leafling.at\/wp-content\/uploads\/2020\/03\/LEAF-Anleitung_Giessen_spriessen.jpg 900w, https:\/\/www.leafling.at\/wp-content\/uploads\/2020\/03\/LEAF-Anleitung_Giessen_spriessen-350x233.jpg 350w, https:\/\/www.leafling.at\/wp-content\/uploads\/2020\/03\/LEAF-Anleitung_Giessen_spriessen-680x453.jpg 680w, https:\/\/www.leafling.at\/wp-content\/uploads\/2020\/03\/LEAF-Anleitung_Giessen_spriessen-300x200.jpg 300w, https:\/\/www.leafling.at\/wp-content\/uploads\/2020\/03\/LEAF-Anleitung_Giessen_spriessen-768x512.jpg 768w\" sizes=\"auto, (max-width: 900px) 100vw, 900px\" \/><\/figure><\/li><li class=\"blocks-gallery-item\"><figure><img loading=\"lazy\" decoding=\"async\" width=\"1024\" height=\"576\" src=\"https:\/\/www.leafling.at\/wp-content\/uploads\/2020\/02\/growing_symbols_plus-symbol-product-1-1024x576.jpg\" alt=\"\" data-id=\"357\" data-full-url=\"https:\/\/www.leafling.at\/wp-content\/uploads\/2020\/02\/growing_symbols_plus-symbol-product-1.jpg\" data-link=\"https:\/\/www.leafling.at\/growing_symbols_plus-symbol-product-2\/\" class=\"wp-image-357\" srcset=\"https:\/\/www.leafling.at\/wp-content\/uploads\/2020\/02\/growing_symbols_plus-symbol-product-1-1024x576.jpg 1024w, https:\/\/www.leafling.at\/wp-content\/uploads\/2020\/02\/growing_symbols_plus-symbol-product-1-350x197.jpg 350w, https:\/\/www.leafling.at\/wp-content\/uploads\/2020\/02\/growing_symbols_plus-symbol-product-1-680x383.jpg 680w, https:\/\/www.leafling.at\/wp-content\/uploads\/2020\/02\/growing_symbols_plus-symbol-product-1-300x169.jpg 300w, https:\/\/www.leafling.at\/wp-content\/uploads\/2020\/02\/growing_symbols_plus-symbol-product-1-768x432.jpg 768w, https:\/\/www.leafling.at\/wp-content\/uploads\/2020\/02\/growing_symbols_plus-symbol-product-1-1536x864.jpg 1536w, https:\/\/www.leafling.at\/wp-content\/uploads\/2020\/02\/growing_symbols_plus-symbol-product-1.jpg 1600w\" sizes=\"auto, (max-width: 1024px) 100vw, 1024px\" \/><\/figure><\/li><\/ul><\/figure>\n\n\n\n<p class=\"has-large-font-size\">What is new about LEAFLING 2.0?<\/p>\n\n\n\n<p class=\"has-medium-font-size translation-block\">The new LEAFLING generation is an all-round revised product. Literally all-round, because the new LEAFLING is now round and therefore fits perfectly on a plate. The possibility to create completely individual designs is probably the greatest innovation. The new process generates designs on demand based on digital templates. This delivers a new dimension in terms of individualisation and flexibility of design.<\/p>\n\n\n\n<p class=\"has-medium-font-size translation-block\">It has become easier to handle. Now all you have to do is take the LEAFLING out of its eco-friendly packaging and water it using the enclosed watering device. The improved natural fleece ensures that your LEAFLING stays moist for longer, making it easier to care for.<\/p>\n\n\n\n<p><\/p>\n\n\n\n<div style=\"height:50px\" aria-hidden=\"true\" class=\"wp-block-spacer\"><\/div>\n\n\n\n<p class=\"has-large-font-size\">Sustainability<\/p>\n\n\n\n<p class=\"has-medium-font-size translation-block\"><strong>All raw materials<\/strong> of the LEAFLING are <strong>sourced and processed in the EU.<\/strong> All the <strong>natural fibres<\/strong> come <strong>from France<\/strong> and are <strong>shaped<\/strong> in northern <strong>Germany.<\/strong> \nThe <strong>seeds come from Austria,<\/strong> which is where <strong>production<\/strong> also takes place - in the middle of <strong>Vienna<\/strong> in fact. This ensures short transport routes and <strong>sustainability.<\/strong> \nThe packaging is mostly made of paper\/cardboard. The viewing panel is made of recycled plastic. \nYour LEAFLING is of course <strong>perfectly environmentally friendly and fully compostable.<\/strong><\/p>\n\n\n\n<div style=\"height:50px\" aria-hidden=\"true\" class=\"wp-block-spacer\"><\/div>\n\n\n\n<div class=\"wp-block-image\"><figure class=\"aligncenter size-large is-resized\"><img decoding=\"async\" src=\"https:\/\/www.leafling.at\/wp-content\/uploads\/2020\/03\/Nachbarschaft_gruen.png\" alt=\"\" class=\"wp-image-770\" width=\"300\" srcset=\"https:\/\/www.leafling.at\/wp-content\/uploads\/2020\/03\/Nachbarschaft_gruen.png 400w, https:\/\/www.leafling.at\/wp-content\/uploads\/2020\/03\/Nachbarschaft_gruen-350x205.png 350w, https:\/\/www.leafling.at\/wp-content\/uploads\/2020\/03\/Nachbarschaft_gruen-300x176.png 300w\" sizes=\"(max-width: 400px) 100vw, 400px\" \/><\/figure><\/div>\n\n\n\n<div style=\"height:50px\" aria-hidden=\"true\" class=\"wp-block-spacer\"><\/div>","protected":false},"excerpt":{"rendered":"<p>Was ist neu an LEAFLING 2.0? Die neue LEAFLING Generation ist ein&nbsp;rundum \u00fcberarbeitetes Produkt.&nbsp;Sprichw\u00f6rtlich rundum, denn der neue LEAFLING ist jetzt rund und passt somit ideal in einen Teller. Die wohl gr\u00f6\u00dfte Innovation ist die&nbsp;M\u00f6glichkeit,&nbsp;v\u00f6llig&nbsp;individuelle Motive&nbsp;zu gestalten. In einem neuen Verfahren werden aus&nbsp;digitalen Vorlagen&nbsp;die Motive \u201eon demand\u201c erzeugt. Dabei ist eine neue Dimension hinsichtlich Individualisierung &hellip;<\/p>","protected":false},"author":1,"featured_media":0,"parent":2,"menu_order":0,"comment_status":"closed","ping_status":"closed","template":"","meta":{"_monsterinsights_skip_tracking":false,"_monsterinsights_sitenote_active":false,"_monsterinsights_sitenote_note":"","_monsterinsights_sitenote_category":0,"footnotes":""},"class_list":["post-221","page","type-page","status-publish","hentry"],"yoast_head":"<!-- This site is optimized with the Yoast SEO plugin v26.9 - https:\/\/yoast.com\/product\/yoast-seo-wordpress\/ -->\n<title>Was ist neu? - LEAFLING growing form<\/title>\n<meta name=\"robots\" content=\"index, follow, max-snippet:-1, max-image-preview:large, max-video-preview:-1\" \/>\n<link rel=\"canonical\" href=\"https:\/\/www.leafling.at\/en\/alles-ueber-leafling\/was-ist-neu\/\" \/>\n<meta property=\"og:locale\" content=\"en_US\" \/>\n<meta property=\"og:type\" content=\"article\" \/>\n<meta property=\"og:title\" content=\"Was ist neu? - LEAFLING growing form\" \/>\n<meta property=\"og:description\" content=\"Was ist neu an LEAFLING 2.0? Die neue LEAFLING Generation ist ein&nbsp;rundum \u00fcberarbeitetes Produkt.&nbsp;Sprichw\u00f6rtlich rundum, denn der neue LEAFLING ist jetzt rund und passt somit ideal in einen Teller. Die wohl gr\u00f6\u00dfte Innovation ist die&nbsp;M\u00f6glichkeit,&nbsp;v\u00f6llig&nbsp;individuelle Motive&nbsp;zu gestalten. In einem neuen Verfahren werden aus&nbsp;digitalen Vorlagen&nbsp;die Motive \u201eon demand\u201c erzeugt. Dabei ist eine neue Dimension hinsichtlich Individualisierung &hellip;\" \/>\n<meta property=\"og:url\" content=\"https:\/\/www.leafling.at\/en\/alles-ueber-leafling\/was-ist-neu\/\" \/>\n<meta property=\"og:site_name\" content=\"LEAFLING growing form\" \/>\n<meta property=\"article:publisher\" content=\"https:\/\/www.facebook.com\/Leafling-651689394858653\/\" \/>\n<meta property=\"article:modified_time\" content=\"2020-03-04T20:30:45+00:00\" \/>\n<meta property=\"og:image\" content=\"https:\/\/www.leafling.at\/wp-content\/uploads\/2020\/02\/UND-Zeichen.jpg\" \/>\n<meta name=\"twitter:card\" content=\"summary_large_image\" \/>\n<meta name=\"twitter:label1\" content=\"Est. reading time\" \/>\n\t<meta name=\"twitter:data1\" content=\"1 minute\" \/>\n<script type=\"application\/ld+json\" class=\"yoast-schema-graph\">{\"@context\":\"https:\/\/schema.org\",\"@graph\":[{\"@type\":\"WebPage\",\"@id\":\"https:\/\/www.leafling.at\/alles-ueber-leafling\/was-ist-neu\/\",\"url\":\"https:\/\/www.leafling.at\/alles-ueber-leafling\/was-ist-neu\/\",\"name\":\"Was ist neu? - LEAFLING growing form\",\"isPartOf\":{\"@id\":\"https:\/\/www.leafling.at\/#website\"},\"primaryImageOfPage\":{\"@id\":\"https:\/\/www.leafling.at\/alles-ueber-leafling\/was-ist-neu\/#primaryimage\"},\"image\":{\"@id\":\"https:\/\/www.leafling.at\/alles-ueber-leafling\/was-ist-neu\/#primaryimage\"},\"thumbnailUrl\":\"https:\/\/www.leafling.at\/wp-content\/uploads\/2020\/02\/UND-Zeichen.jpg\",\"datePublished\":\"2019-03-01T13:54:03+00:00\",\"dateModified\":\"2020-03-04T20:30:45+00:00\",\"breadcrumb\":{\"@id\":\"https:\/\/www.leafling.at\/alles-ueber-leafling\/was-ist-neu\/#breadcrumb\"},\"inLanguage\":\"en-US\",\"potentialAction\":[{\"@type\":\"ReadAction\",\"target\":[\"https:\/\/www.leafling.at\/alles-ueber-leafling\/was-ist-neu\/\"]}]},{\"@type\":\"ImageObject\",\"inLanguage\":\"en-US\",\"@id\":\"https:\/\/www.leafling.at\/alles-ueber-leafling\/was-ist-neu\/#primaryimage\",\"url\":\"https:\/\/www.leafling.at\/wp-content\/uploads\/2020\/02\/UND-Zeichen.jpg\",\"contentUrl\":\"https:\/\/www.leafling.at\/wp-content\/uploads\/2020\/02\/UND-Zeichen.jpg\"},{\"@type\":\"BreadcrumbList\",\"@id\":\"https:\/\/www.leafling.at\/alles-ueber-leafling\/was-ist-neu\/#breadcrumb\",\"itemListElement\":[{\"@type\":\"ListItem\",\"position\":1,\"name\":\"Startseite\",\"item\":\"https:\/\/www.leafling.at\/\"},{\"@type\":\"ListItem\",\"position\":2,\"name\":\"Alles \u00fcber LEAFLING\",\"item\":\"https:\/\/www.leafling.at\/alles-ueber-leafling\/\"},{\"@type\":\"ListItem\",\"position\":3,\"name\":\"Was ist neu?\"}]},{\"@type\":\"WebSite\",\"@id\":\"https:\/\/www.leafling.at\/#website\",\"url\":\"https:\/\/www.leafling.at\/\",\"name\":\"LEAFLING growing form\",\"description\":\"\",\"publisher\":{\"@id\":\"https:\/\/www.leafling.at\/#organization\"},\"potentialAction\":[{\"@type\":\"SearchAction\",\"target\":{\"@type\":\"EntryPoint\",\"urlTemplate\":\"https:\/\/www.leafling.at\/?s={search_term_string}\"},\"query-input\":{\"@type\":\"PropertyValueSpecification\",\"valueRequired\":true,\"valueName\":\"search_term_string\"}}],\"inLanguage\":\"en-US\"},{\"@type\":\"Organization\",\"@id\":\"https:\/\/www.leafling.at\/#organization\",\"name\":\"LEAFLING \u2013 growing form\",\"url\":\"https:\/\/www.leafling.at\/\",\"logo\":{\"@type\":\"ImageObject\",\"inLanguage\":\"en-US\",\"@id\":\"https:\/\/www.leafling.at\/#\/schema\/logo\/image\/\",\"url\":\"https:\/\/www.leafling.at\/wp-content\/uploads\/2020\/02\/e-mail-HEADER_4.png\",\"contentUrl\":\"https:\/\/www.leafling.at\/wp-content\/uploads\/2020\/02\/e-mail-HEADER_4.png\",\"width\":600,\"height\":99,\"caption\":\"LEAFLING \u2013 growing form\"},\"image\":{\"@id\":\"https:\/\/www.leafling.at\/#\/schema\/logo\/image\/\"},\"sameAs\":[\"https:\/\/www.facebook.com\/Leafling-651689394858653\/\",\"https:\/\/www.instagram.com\/leaflinggrowingform\/\",\"https:\/\/www.pinterest.de\/growingform\/\",\"https:\/\/www.youtube.com\/channel\/UCY0B7Qhjtl_o6TtLxyPSqjw\"]}]}<\/script>\n<!-- \/ Yoast SEO plugin. -->","yoast_head_json":{"title":"Was ist neu? - LEAFLING growing form","robots":{"index":"index","follow":"follow","max-snippet":"max-snippet:-1","max-image-preview":"max-image-preview:large","max-video-preview":"max-video-preview:-1"},"canonical":"https:\/\/www.leafling.at\/en\/alles-ueber-leafling\/was-ist-neu\/","og_locale":"en_US","og_type":"article","og_title":"Was ist neu? - LEAFLING growing form","og_description":"Was ist neu an LEAFLING 2.0? Die neue LEAFLING Generation ist ein&nbsp;rundum \u00fcberarbeitetes Produkt.&nbsp;Sprichw\u00f6rtlich rundum, denn der neue LEAFLING ist jetzt rund und passt somit ideal in einen Teller. Die wohl gr\u00f6\u00dfte Innovation ist die&nbsp;M\u00f6glichkeit,&nbsp;v\u00f6llig&nbsp;individuelle Motive&nbsp;zu gestalten. In einem neuen Verfahren werden aus&nbsp;digitalen Vorlagen&nbsp;die Motive \u201eon demand\u201c erzeugt. Dabei ist eine neue Dimension hinsichtlich Individualisierung &hellip;","og_url":"https:\/\/www.leafling.at\/en\/alles-ueber-leafling\/was-ist-neu\/","og_site_name":"LEAFLING growing form","article_publisher":"https:\/\/www.facebook.com\/Leafling-651689394858653\/","article_modified_time":"2020-03-04T20:30:45+00:00","og_image":[{"url":"https:\/\/www.leafling.at\/wp-content\/uploads\/2020\/02\/UND-Zeichen.jpg","type":"","width":"","height":""}],"twitter_card":"summary_large_image","twitter_misc":{"Est. reading time":"1 minute"},"schema":{"@context":"https:\/\/schema.org","@graph":[{"@type":"WebPage","@id":"https:\/\/www.leafling.at\/alles-ueber-leafling\/was-ist-neu\/","url":"https:\/\/www.leafling.at\/alles-ueber-leafling\/was-ist-neu\/","name":"Was ist neu? - LEAFLING growing form","isPartOf":{"@id":"https:\/\/www.leafling.at\/#website"},"primaryImageOfPage":{"@id":"https:\/\/www.leafling.at\/alles-ueber-leafling\/was-ist-neu\/#primaryimage"},"image":{"@id":"https:\/\/www.leafling.at\/alles-ueber-leafling\/was-ist-neu\/#primaryimage"},"thumbnailUrl":"https:\/\/www.leafling.at\/wp-content\/uploads\/2020\/02\/UND-Zeichen.jpg","datePublished":"2019-03-01T13:54:03+00:00","dateModified":"2020-03-04T20:30:45+00:00","breadcrumb":{"@id":"https:\/\/www.leafling.at\/alles-ueber-leafling\/was-ist-neu\/#breadcrumb"},"inLanguage":"en-US","potentialAction":[{"@type":"ReadAction","target":["https:\/\/www.leafling.at\/alles-ueber-leafling\/was-ist-neu\/"]}]},{"@type":"ImageObject","inLanguage":"en-US","@id":"https:\/\/www.leafling.at\/alles-ueber-leafling\/was-ist-neu\/#primaryimage","url":"https:\/\/www.leafling.at\/wp-content\/uploads\/2020\/02\/UND-Zeichen.jpg","contentUrl":"https:\/\/www.leafling.at\/wp-content\/uploads\/2020\/02\/UND-Zeichen.jpg"},{"@type":"BreadcrumbList","@id":"https:\/\/www.leafling.at\/alles-ueber-leafling\/was-ist-neu\/#breadcrumb","itemListElement":[{"@type":"ListItem","position":1,"name":"Startseite","item":"https:\/\/www.leafling.at\/"},{"@type":"ListItem","position":2,"name":"Alles \u00fcber LEAFLING","item":"https:\/\/www.leafling.at\/alles-ueber-leafling\/"},{"@type":"ListItem","position":3,"name":"Was ist neu?"}]},{"@type":"WebSite","@id":"https:\/\/www.leafling.at\/#website","url":"https:\/\/www.leafling.at\/","name":"LEAFLING growing form","description":"","publisher":{"@id":"https:\/\/www.leafling.at\/#organization"},"potentialAction":[{"@type":"SearchAction","target":{"@type":"EntryPoint","urlTemplate":"https:\/\/www.leafling.at\/?s={search_term_string}"},"query-input":{"@type":"PropertyValueSpecification","valueRequired":true,"valueName":"search_term_string"}}],"inLanguage":"en-US"},{"@type":"Organization","@id":"https:\/\/www.leafling.at\/#organization","name":"LEAFLING \u2013 growing form","url":"https:\/\/www.leafling.at\/","logo":{"@type":"ImageObject","inLanguage":"en-US","@id":"https:\/\/www.leafling.at\/#\/schema\/logo\/image\/","url":"https:\/\/www.leafling.at\/wp-content\/uploads\/2020\/02\/e-mail-HEADER_4.png","contentUrl":"https:\/\/www.leafling.at\/wp-content\/uploads\/2020\/02\/e-mail-HEADER_4.png","width":600,"height":99,"caption":"LEAFLING \u2013 growing form"},"image":{"@id":"https:\/\/www.leafling.at\/#\/schema\/logo\/image\/"},"sameAs":["https:\/\/www.facebook.com\/Leafling-651689394858653\/","https:\/\/www.instagram.com\/leaflinggrowingform\/","https:\/\/www.pinterest.de\/growingform\/","https:\/\/www.youtube.com\/channel\/UCY0B7Qhjtl_o6TtLxyPSqjw"]}]}},"_links":{"self":[{"href":"https:\/\/www.leafling.at\/en\/wp-json\/wp\/v2\/pages\/221","targetHints":{"allow":["GET"]}}],"collection":[{"href":"https:\/\/www.leafling.at\/en\/wp-json\/wp\/v2\/pages"}],"about":[{"href":"https:\/\/www.leafling.at\/en\/wp-json\/wp\/v2\/types\/page"}],"author":[{"embeddable":true,"href":"https:\/\/www.leafling.at\/en\/wp-json\/wp\/v2\/users\/1"}],"replies":[{"embeddable":true,"href":"https:\/\/www.leafling.at\/en\/wp-json\/wp\/v2\/comments?post=221"}],"version-history":[{"count":12,"href":"https:\/\/www.leafling.at\/en\/wp-json\/wp\/v2\/pages\/221\/revisions"}],"predecessor-version":[{"id":790,"href":"https:\/\/www.leafling.at\/en\/wp-json\/wp\/v2\/pages\/221\/revisions\/790"}],"up":[{"embeddable":true,"href":"https:\/\/www.leafling.at\/en\/wp-json\/wp\/v2\/pages\/2"}],"wp:attachment":[{"href":"https:\/\/www.leafling.at\/en\/wp-json\/wp\/v2\/media?parent=221"}],"curies":[{"name":"wp","href":"https:\/\/api.w.org\/{rel}","templated":true}]}}